{"id":5373,"date":"2023-10-10T15:48:47","date_gmt":"2023-10-10T19:48:47","guid":{"rendered":"https:\/\/adisoke.ca\/feedback\/"},"modified":"2026-03-31T16:49:01","modified_gmt":"2026-03-31T20:49:01","slug":"retroaction","status":"publish","type":"page","link":"https:\/\/adisoke.ca\/fr\/retroaction\/","title":{"rendered":"R\u00e9troaction"},"content":{"rendered":"\t\t<div data-elementor-type=\"wp-page\" data-elementor-id=\"5373\" class=\"elementor elementor-5373 elementor-5036\" data-elementor-post-type=\"page\">\n\t\t\t\t<div class=\"elementor-element elementor-element-c138adb e-flex e-con-boxed e-con e-parent\" data-id=\"c138adb\" data-element_type=\"container\" data-e-type=\"container\">\n\t\t\t\t\t<div class=\"e-con-inner\">\n\t\t\t\t<div class=\"elementor-element elementor-element-543e27e elementor-widget elementor-widget-spacer\" data-id=\"543e27e\" data-element_type=\"widget\" data-e-type=\"widget\" data-widget_type=\"spacer.default\">\n\t\t\t\t<div class=\"elementor-widget-container\">\n\t\t\t\t\t\t\t<div class=\"elementor-spacer\">\n\t\t\t<div class=\"elementor-spacer-inner\"><\/div>\n\t\t<\/div>\n\t\t\t\t\t\t<\/div>\n\t\t\t\t<\/div>\n\t\t\t\t<div class=\"elementor-element elementor-element-d255e35 elementor-widget elementor-widget-heading\" data-id=\"d255e35\" data-element_type=\"widget\" data-e-type=\"widget\" data-widget_type=\"heading.default\">\n\t\t\t\t<div class=\"elementor-widget-container\">\n\t\t\t\t\t<h1 class=\"elementor-heading-title elementor-size-default\">R\u00e9troaction<\/h1>\t\t\t\t<\/div>\n\t\t\t\t<\/div>\n\t\t\t\t<div class=\"elementor-element elementor-element-7ff46e9 elementor-widget elementor-widget-spacer\" data-id=\"7ff46e9\" data-element_type=\"widget\" data-e-type=\"widget\" data-widget_type=\"spacer.default\">\n\t\t\t\t<div class=\"elementor-widget-container\">\n\t\t\t\t\t\t\t<div class=\"elementor-spacer\">\n\t\t\t<div class=\"elementor-spacer-inner\"><\/div>\n\t\t<\/div>\n\t\t\t\t\t\t<\/div>\n\t\t\t\t<\/div>\n\t\t\t\t<div class=\"elementor-element elementor-element-7de1545 elementor-widget elementor-widget-html\" data-id=\"7de1545\" data-element_type=\"widget\" data-e-type=\"widget\" data-widget_type=\"html.default\">\n\t\t\t\t<div class=\"elementor-widget-container\">\n\t\t\t\t\t<label for=\"g-recaptcha-response\" class=\"sr\">Recaptcha verification<\/label>\t\t\t\t<\/div>\n\t\t\t\t<\/div>\n\t\t\t\t<div class=\"elementor-element elementor-element-7089c55 elementor-button-align-start elementor-widget elementor-widget-form\" data-id=\"7089c55\" data-element_type=\"widget\" data-e-type=\"widget\" data-settings=\"{&quot;step_next_label&quot;:&quot;Next&quot;,&quot;step_previous_label&quot;:&quot;Previous&quot;,&quot;button_width&quot;:&quot;100&quot;,&quot;step_type&quot;:&quot;number_text&quot;,&quot;step_icon_shape&quot;:&quot;circle&quot;}\" data-widget_type=\"form.default\">\n\t\t\t\t<div class=\"elementor-widget-container\">\n\t\t\t\t\t\t\t<form class=\"elementor-form\" method=\"post\" name=\"Feedback Form [FR]\" aria-label=\"Feedback Form [FR]\">\n\t\t\t<input type=\"hidden\" name=\"post_id\" value=\"5373\"\/>\n\t\t\t<input type=\"hidden\" name=\"form_id\" value=\"7089c55\"\/>\n\t\t\t<input type=\"hidden\" name=\"referer_title\" value=\"\u0101dis\u014dke\" \/>\n\n\t\t\t\n\t\t\t<div class=\"elementor-form-fields-wrapper elementor-labels-above\">\n\t\t\t\t\t\t\t\t<div class=\"elementor-field-type-text elementor-field-group elementor-column elementor-field-group-name elementor-col-100 elementor-field-required elementor-mark-required\">\n\t\t\t\t\t\t\t\t\t\t\t\t<label for=\"form-field-name\" class=\"elementor-field-label\">\n\t\t\t\t\t\t\t\tNom\t\t\t\t\t\t\t<\/label>\n\t\t\t\t\t\t\t\t\t\t\t\t\t\t<input size=\"1\" type=\"text\" name=\"form_fields[name]\" id=\"form-field-name\" class=\"elementor-field elementor-size-sm  elementor-field-textual\" placeholder=\"Nom\" required=\"required\">\n\t\t\t\t\t\t\t\t\t\t\t<\/div>\n\t\t\t\t\t\t\t\t<div class=\"elementor-field-type-email elementor-field-group elementor-column elementor-field-group-email_feedback elementor-col-100 elementor-field-required elementor-mark-required\">\n\t\t\t\t\t\t\t\t\t\t\t\t<label for=\"form-field-email_feedback\" class=\"elementor-field-label\">\n\t\t\t\t\t\t\t\tAdresse courriel\t\t\t\t\t\t\t<\/label>\n\t\t\t\t\t\t\t\t\t\t\t\t\t\t<input size=\"1\" type=\"email\" name=\"form_fields[email_feedback]\" id=\"form-field-email_feedback\" class=\"elementor-field elementor-size-sm  elementor-field-textual\" placeholder=\"Adresse courriel\" required=\"required\">\n\t\t\t\t\t\t\t\t\t\t\t<\/div>\n\t\t\t\t\t\t\t\t<div class=\"elementor-field-type-textarea elementor-field-group elementor-column elementor-field-group-message elementor-col-100 elementor-field-required elementor-mark-required\">\n\t\t\t\t\t\t\t\t\t\t\t\t<label for=\"form-field-message\" class=\"elementor-field-label\">\n\t\t\t\t\t\t\t\tCommentaires\t\t\t\t\t\t\t<\/label>\n\t\t\t\t\t\t<textarea class=\"elementor-field-textual elementor-field  elementor-size-sm\" name=\"form_fields[message]\" id=\"form-field-message\" rows=\"4\" placeholder=\"Commentaires\" required=\"required\"><\/textarea>\t\t\t\t<\/div>\n\t\t\t\t\t\t\t\t<div class=\"elementor-field-type-recaptcha elementor-field-group elementor-column elementor-field-group-field_99ecc7a elementor-col-100\">\n\t\t\t\t\t<div class=\"elementor-field\" id=\"form-field-field_99ecc7a\"><div class=\"elementor-g-recaptcha\" data-sitekey=\"6Ld6d6coAAAAALKDJ24IdFyOFZtOaLFVPG1mensF\" data-type=\"v2_checkbox\" data-theme=\"light\" data-size=\"normal\"><\/div><\/div>\t\t\t\t<\/div>\n\t\t\t\t\t\t\t\t<div class=\"elementor-field-group elementor-column elementor-field-type-submit elementor-col-100 e-form__buttons\">\n\t\t\t\t\t<button class=\"elementor-button elementor-size-sm elementor-animation-shrink\" type=\"submit\">\n\t\t\t\t\t\t<span class=\"elementor-button-content-wrapper\">\n\t\t\t\t\t\t\t\t\t\t\t\t\t\t\t<span class=\"elementor-button-icon\">\n\t\t\t\t\t\t\t\t\t<i aria-hidden=\"true\" class=\"icon icon-arrow-right-regular\"><\/i>\t\t\t\t\t\t\t\t\t\t\t\t\t\t\t\t\t<\/span>\n\t\t\t\t\t\t\t\t\t\t\t\t\t\t\t\t\t\t\t\t\t\t<span class=\"elementor-button-text\">Soumettre<\/span>\n\t\t\t\t\t\t\t\t\t\t\t\t\t<\/span>\n\t\t\t\t\t<\/button>\n\t\t\t\t<\/div>\n\t\t\t<\/div>\n\t\t<\/form>\n\t\t\t\t\t\t<\/div>\n\t\t\t\t<\/div>\n\t\t\t\t<div class=\"elementor-element elementor-element-e3ab51a elementor-widget elementor-widget-spacer\" data-id=\"e3ab51a\" data-element_type=\"widget\" data-e-type=\"widget\" data-widget_type=\"spacer.default\">\n\t\t\t\t<div class=\"elementor-widget-container\">\n\t\t\t\t\t\t\t<div class=\"elementor-spacer\">\n\t\t\t<div class=\"elementor-spacer-inner\"><\/div>\n\t\t<\/div>\n\t\t\t\t\t\t<\/div>\n\t\t\t\t<\/div>\n\t\t\t\t\t<\/div>\n\t\t\t\t<\/div>\n\t\t\t\t<\/div>\n\t\t","protected":false},"excerpt":{"rendered":"<p>R\u00e9troaction Recaptcha verification<\/p>\n","protected":false},"author":1,"featured_media":5142,"parent":0,"menu_order":0,"comment_status":"closed","ping_status":"closed","template":"","meta":{"_acf_changed":false,"footnotes":""},"class_list":["post-5373","page","type-page","status-publish","has-post-thumbnail","hentry"],"acf":[],"yoast_head":"<!-- This site is optimized with the Yoast SEO plugin v27.4 - https:\/\/yoast.com\/product\/yoast-seo-wordpress\/ -->\n<title>R\u00e9troaction | \u0101dis\u014dke<\/title>\n<meta name=\"description\" content=\"Nous joindre: 555 Albert Street, Ottawa Ontario, courriel adisoke@ottawa.ca ou \u00e9crivez-nous\" \/>\n<meta name=\"robots\" content=\"index, follow, max-snippet:-1, max-image-preview:large, max-video-preview:-1\" \/>\n<link rel=\"canonical\" href=\"https:\/\/adisoke.ca\/fr\/retroaction\/\" \/>\n<meta property=\"og:locale\" content=\"fr_FR\" \/>\n<meta property=\"og:type\" content=\"article\" \/>\n<meta property=\"og:title\" content=\"R\u00e9troaction | \u0101dis\u014dke\" \/>\n<meta property=\"og:description\" content=\"Nous joindre: 555 Albert Street, Ottawa Ontario, courriel adisoke@ottawa.ca ou \u00e9crivez-nous\" \/>\n<meta property=\"og:url\" content=\"https:\/\/adisoke.ca\/fr\/retroaction\/\" \/>\n<meta property=\"og:site_name\" content=\"\u0101dis\u014dke\" \/>\n<meta property=\"article:modified_time\" content=\"2026-03-31T20:49:01+00:00\" \/>\n<meta property=\"og:image\" content=\"https:\/\/adisoke.ca\/wp-content\/uploads\/2023\/10\/a\u0304diso\u0304ke_23_Exterior_North_View-v2.jpg\" \/>\n\t<meta property=\"og:image:width\" content=\"2048\" \/>\n\t<meta property=\"og:image:height\" content=\"1269\" \/>\n\t<meta property=\"og:image:type\" content=\"image\/jpeg\" \/>\n<meta name=\"twitter:card\" content=\"summary_large_image\" \/>\n<meta name=\"twitter:label1\" content=\"Dur\u00e9e de lecture estim\u00e9e\" \/>\n\t<meta name=\"twitter:data1\" content=\"1 minute\" \/>\n<script type=\"application\/ld+json\" class=\"yoast-schema-graph\">{\"@context\":\"https:\\\/\\\/schema.org\",\"@graph\":[{\"@type\":\"WebPage\",\"@id\":\"https:\\\/\\\/adisoke.ca\\\/fr\\\/retroaction\\\/\",\"url\":\"https:\\\/\\\/adisoke.ca\\\/fr\\\/retroaction\\\/\",\"name\":\"R\u00e9troaction | \u0101dis\u014dke\",\"isPartOf\":{\"@id\":\"https:\\\/\\\/adisoke.ca\\\/#website\"},\"primaryImageOfPage\":{\"@id\":\"https:\\\/\\\/adisoke.ca\\\/fr\\\/retroaction\\\/#primaryimage\"},\"image\":{\"@id\":\"https:\\\/\\\/adisoke.ca\\\/fr\\\/retroaction\\\/#primaryimage\"},\"thumbnailUrl\":\"https:\\\/\\\/adisoke.ca\\\/wp-content\\\/uploads\\\/2023\\\/10\\\/a\u0304diso\u0304ke_23_Exterior_North_View-v2.jpg\",\"datePublished\":\"2023-10-10T19:48:47+00:00\",\"dateModified\":\"2026-03-31T20:49:01+00:00\",\"description\":\"Nous joindre: 555 Albert Street, Ottawa Ontario, courriel adisoke@ottawa.ca ou \u00e9crivez-nous\",\"breadcrumb\":{\"@id\":\"https:\\\/\\\/adisoke.ca\\\/fr\\\/retroaction\\\/#breadcrumb\"},\"inLanguage\":\"fr-FR\",\"potentialAction\":[{\"@type\":\"ReadAction\",\"target\":[\"https:\\\/\\\/adisoke.ca\\\/fr\\\/retroaction\\\/\"]}]},{\"@type\":\"ImageObject\",\"inLanguage\":\"fr-FR\",\"@id\":\"https:\\\/\\\/adisoke.ca\\\/fr\\\/retroaction\\\/#primaryimage\",\"url\":\"https:\\\/\\\/adisoke.ca\\\/wp-content\\\/uploads\\\/2023\\\/10\\\/a\u0304diso\u0304ke_23_Exterior_North_View-v2.jpg\",\"contentUrl\":\"https:\\\/\\\/adisoke.ca\\\/wp-content\\\/uploads\\\/2023\\\/10\\\/a\u0304diso\u0304ke_23_Exterior_North_View-v2.jpg\",\"width\":2048,\"height\":1269},{\"@type\":\"BreadcrumbList\",\"@id\":\"https:\\\/\\\/adisoke.ca\\\/fr\\\/retroaction\\\/#breadcrumb\",\"itemListElement\":[{\"@type\":\"ListItem\",\"position\":1,\"name\":\"Home\",\"item\":\"https:\\\/\\\/adisoke.ca\\\/fr\\\/\"},{\"@type\":\"ListItem\",\"position\":2,\"name\":\"R\u00e9troaction\"}]},{\"@type\":\"WebSite\",\"@id\":\"https:\\\/\\\/adisoke.ca\\\/#website\",\"url\":\"https:\\\/\\\/adisoke.ca\\\/\",\"name\":\"\u0101dis\u014dke\",\"description\":\"Stories live here.\",\"publisher\":{\"@id\":\"https:\\\/\\\/adisoke.ca\\\/#organization\"},\"potentialAction\":[{\"@type\":\"SearchAction\",\"target\":{\"@type\":\"EntryPoint\",\"urlTemplate\":\"https:\\\/\\\/adisoke.ca\\\/?s={search_term_string}\"},\"query-input\":{\"@type\":\"PropertyValueSpecification\",\"valueRequired\":true,\"valueName\":\"search_term_string\"}}],\"inLanguage\":\"fr-FR\"},{\"@type\":\"Organization\",\"@id\":\"https:\\\/\\\/adisoke.ca\\\/#organization\",\"name\":\"\u0101dis\u014dke\",\"url\":\"https:\\\/\\\/adisoke.ca\\\/\",\"logo\":{\"@type\":\"ImageObject\",\"inLanguage\":\"fr-FR\",\"@id\":\"https:\\\/\\\/adisoke.ca\\\/#\\\/schema\\\/logo\\\/image\\\/\",\"url\":\"https:\\\/\\\/adisoke.ca\\\/wp-content\\\/uploads\\\/2023\\\/09\\\/a\u0304diso\u0304ke_23_Wordmark_B_RGB.png\",\"contentUrl\":\"https:\\\/\\\/adisoke.ca\\\/wp-content\\\/uploads\\\/2023\\\/09\\\/a\u0304diso\u0304ke_23_Wordmark_B_RGB.png\",\"width\":850,\"height\":202,\"caption\":\"\u0101dis\u014dke\"},\"image\":{\"@id\":\"https:\\\/\\\/adisoke.ca\\\/#\\\/schema\\\/logo\\\/image\\\/\"}}]}<\/script>\n<!-- \/ Yoast SEO plugin. -->","yoast_head_json":{"title":"R\u00e9troaction | \u0101dis\u014dke","description":"Nous joindre: 555 Albert Street, Ottawa Ontario, courriel adisoke@ottawa.ca ou \u00e9crivez-nous","robots":{"index":"index","follow":"follow","max-snippet":"max-snippet:-1","max-image-preview":"max-image-preview:large","max-video-preview":"max-video-preview:-1"},"canonical":"https:\/\/adisoke.ca\/fr\/retroaction\/","og_locale":"fr_FR","og_type":"article","og_title":"R\u00e9troaction | \u0101dis\u014dke","og_description":"Nous joindre: 555 Albert Street, Ottawa Ontario, courriel adisoke@ottawa.ca ou \u00e9crivez-nous","og_url":"https:\/\/adisoke.ca\/fr\/retroaction\/","og_site_name":"\u0101dis\u014dke","article_modified_time":"2026-03-31T20:49:01+00:00","og_image":[{"width":2048,"height":1269,"url":"https:\/\/adisoke.ca\/wp-content\/uploads\/2023\/10\/a\u0304diso\u0304ke_23_Exterior_North_View-v2.jpg","type":"image\/jpeg"}],"twitter_card":"summary_large_image","twitter_misc":{"Dur\u00e9e de lecture estim\u00e9e":"1 minute"},"schema":{"@context":"https:\/\/schema.org","@graph":[{"@type":"WebPage","@id":"https:\/\/adisoke.ca\/fr\/retroaction\/","url":"https:\/\/adisoke.ca\/fr\/retroaction\/","name":"R\u00e9troaction | \u0101dis\u014dke","isPartOf":{"@id":"https:\/\/adisoke.ca\/#website"},"primaryImageOfPage":{"@id":"https:\/\/adisoke.ca\/fr\/retroaction\/#primaryimage"},"image":{"@id":"https:\/\/adisoke.ca\/fr\/retroaction\/#primaryimage"},"thumbnailUrl":"https:\/\/adisoke.ca\/wp-content\/uploads\/2023\/10\/a\u0304diso\u0304ke_23_Exterior_North_View-v2.jpg","datePublished":"2023-10-10T19:48:47+00:00","dateModified":"2026-03-31T20:49:01+00:00","description":"Nous joindre: 555 Albert Street, Ottawa Ontario, courriel adisoke@ottawa.ca ou \u00e9crivez-nous","breadcrumb":{"@id":"https:\/\/adisoke.ca\/fr\/retroaction\/#breadcrumb"},"inLanguage":"fr-FR","potentialAction":[{"@type":"ReadAction","target":["https:\/\/adisoke.ca\/fr\/retroaction\/"]}]},{"@type":"ImageObject","inLanguage":"fr-FR","@id":"https:\/\/adisoke.ca\/fr\/retroaction\/#primaryimage","url":"https:\/\/adisoke.ca\/wp-content\/uploads\/2023\/10\/a\u0304diso\u0304ke_23_Exterior_North_View-v2.jpg","contentUrl":"https:\/\/adisoke.ca\/wp-content\/uploads\/2023\/10\/a\u0304diso\u0304ke_23_Exterior_North_View-v2.jpg","width":2048,"height":1269},{"@type":"BreadcrumbList","@id":"https:\/\/adisoke.ca\/fr\/retroaction\/#breadcrumb","itemListElement":[{"@type":"ListItem","position":1,"name":"Home","item":"https:\/\/adisoke.ca\/fr\/"},{"@type":"ListItem","position":2,"name":"R\u00e9troaction"}]},{"@type":"WebSite","@id":"https:\/\/adisoke.ca\/#website","url":"https:\/\/adisoke.ca\/","name":"\u0101dis\u014dke","description":"Stories live here.","publisher":{"@id":"https:\/\/adisoke.ca\/#organization"},"potentialAction":[{"@type":"SearchAction","target":{"@type":"EntryPoint","urlTemplate":"https:\/\/adisoke.ca\/?s={search_term_string}"},"query-input":{"@type":"PropertyValueSpecification","valueRequired":true,"valueName":"search_term_string"}}],"inLanguage":"fr-FR"},{"@type":"Organization","@id":"https:\/\/adisoke.ca\/#organization","name":"\u0101dis\u014dke","url":"https:\/\/adisoke.ca\/","logo":{"@type":"ImageObject","inLanguage":"fr-FR","@id":"https:\/\/adisoke.ca\/#\/schema\/logo\/image\/","url":"https:\/\/adisoke.ca\/wp-content\/uploads\/2023\/09\/a\u0304diso\u0304ke_23_Wordmark_B_RGB.png","contentUrl":"https:\/\/adisoke.ca\/wp-content\/uploads\/2023\/09\/a\u0304diso\u0304ke_23_Wordmark_B_RGB.png","width":850,"height":202,"caption":"\u0101dis\u014dke"},"image":{"@id":"https:\/\/adisoke.ca\/#\/schema\/logo\/image\/"}}]}},"_links":{"self":[{"href":"https:\/\/adisoke.ca\/fr\/wp-json\/wp\/v2\/pages\/5373","targetHints":{"allow":["GET"]}}],"collection":[{"href":"https:\/\/adisoke.ca\/fr\/wp-json\/wp\/v2\/pages"}],"about":[{"href":"https:\/\/adisoke.ca\/fr\/wp-json\/wp\/v2\/types\/page"}],"author":[{"embeddable":true,"href":"https:\/\/adisoke.ca\/fr\/wp-json\/wp\/v2\/users\/1"}],"replies":[{"embeddable":true,"href":"https:\/\/adisoke.ca\/fr\/wp-json\/wp\/v2\/comments?post=5373"}],"version-history":[{"count":19,"href":"https:\/\/adisoke.ca\/fr\/wp-json\/wp\/v2\/pages\/5373\/revisions"}],"predecessor-version":[{"id":7566,"href":"https:\/\/adisoke.ca\/fr\/wp-json\/wp\/v2\/pages\/5373\/revisions\/7566"}],"wp:featuredmedia":[{"embeddable":true,"href":"https:\/\/adisoke.ca\/fr\/wp-json\/wp\/v2\/media\/5142"}],"wp:attachment":[{"href":"https:\/\/adisoke.ca\/fr\/wp-json\/wp\/v2\/media?parent=5373"}],"curies":[{"name":"wp","href":"https:\/\/api.w.org\/{rel}","templated":true}]}}